{"id":96,"date":"2022-08-22T11:09:05","date_gmt":"2022-08-22T09:09:05","guid":{"rendered":"https:\/\/accompagnantdevie.com\/?page_id=96"},"modified":"2022-10-13T10:25:33","modified_gmt":"2022-10-13T08:25:33","slug":"laccompagnant","status":"publish","type":"page","link":"https:\/\/accompagnantdevie.com\/index.php\/laccompagnant\/","title":{"rendered":"L&rsquo;accompagnant"},"content":{"rendered":"\n<p class=\"has-text-align-center\"><strong>L\u2019accompagnant que je suis et les piliers de ma vie<\/strong><\/p>\n\n\n\n<figure class=\"wp-block-image size-full caption-align-center\"><img loading=\"lazy\" decoding=\"async\" width=\"206\" height=\"351\" src=\"https:\/\/accompagnantdevie.com\/wp-content\/uploads\/2022\/08\/Untitled1.png\" alt=\"\" class=\"wp-image-103\" srcset=\"https:\/\/accompagnantdevie.com\/wp-content\/uploads\/2022\/08\/Untitled1.png 206w, https:\/\/accompagnantdevie.com\/wp-content\/uploads\/2022\/08\/Untitled1-176x300.png 176w\" sizes=\"auto, (max-width: 206px) 100vw, 206px\" \/><\/figure>\n\n\n\n<p class=\"has-text-align-justify\">Je suis anim\u00e9 au quotidien par l\u2019\u00e9coute des situations et du vivant. L\u2019\u00e9coute a toujours \u00e9t\u00e9 pour moi une pr\u00e9disposition, pour panser, apaiser \u00e0 travers des mots, des attentions, des intentions ou le silence (le vide). Autant que faire se peut, je ressors le positif de chaque \u00eatre et de chaque situation v\u00e9cue.<br>Cette \u00e9coute profonde, sinc\u00e8re et v\u00e9ritable m\u2019est rendue accessible par <strong>la qui\u00e9tude<\/strong> et <strong>le calme<\/strong> qui sont inscrits dans ma nature profonde. De la m\u00eame fa\u00e7on, <strong>mon intuition<\/strong> est une amie qui m\u2019accompagne au quotidien.<\/p>\n\n\n\n<p class=\"has-text-align-justify\">J\u2019ai pu travailler ces piliers et autres capacit\u00e9s dont je continue d\u2019exp\u00e9rimenter la nature infinie par diff\u00e9rentes pratiques. J\u2019ai d\u00e9couvert il y a moins de 10 ans la sophrologie qui m\u2019a aid\u00e9 \u00e0 ne plus \u00eatre uniquement dans le mental et d\u2019aller \u00e0 la rencontre du lacher-prise, de la vie, de mon plein potentiel, de ma nature profonde, de mes besoins et de mon corps.<\/p>\n\n\n\n<p class=\"has-text-align-justify\">Apr\u00e8s avoir men\u00e9 \u00e0 bien mes \u00e9tudes dans le domaine des march\u00e9s financiers et un d\u00e9but de carri\u00e8re sans heurt, je me suis vite aper\u00e7u d\u2019un sentiment de tristesse et de division. A cette \u00e9poque, je constatais une certaine lassitude dans ma vie qui \u00e9tait trop superficielle, trop mat\u00e9rialiste et trop tourn\u00e9e vers la r\u00e9ussite professionnelle. Je me sentais comme amput\u00e9 d\u2019une partie de moi et pire encore car je vivais sous l\u2019influence des jeux de r\u00f4les et des masques. A cette \u00e9poque, j\u2019ai rendu ma vie trop limitante et trop s\u00e9rieuse \u00e0 mon go\u00fbt et comme bien souvent, des exc\u00e8s naissent le d\u00e9s\u00e9quilibre.<\/p>\n\n\n\n<p class=\"has-text-align-justify\">Puis, le \u00ab&nbsp;hasard&nbsp;\u00bb a d\u00e9pos\u00e9 sur mon chemin des rencontres, des nouvelles pratiques qui ont apport\u00e9 des nuances et ont enrichi ma vie spirituelle. D\u00e8s lors, ma vie c\u2019est \u00e9quilibr\u00e9e entre cette r\u00e9alit\u00e9 mat\u00e9rielle et cette dimension spirituelle que j\u2019apprenais \u00e0 red\u00e9couvrir et \u00e0 cultiver \u00e0 mon go\u00fbt.<\/p>\n\n\n\n<p class=\"has-text-align-justify\">Cette qu\u00eate de reconnexion \u00e0 cette partie oubli\u00e9e et enfouie de mon \u00eatre m\u2019a amen\u00e9 \u00e0 retrouver progressivement mon essence. J\u2019ai ainsi refait connaissance avec moi-m\u00eame et mon environnement, en enlevant des filtres, des peurs et autres id\u00e9es pr\u00e9con\u00e7ues. Chemin faisant, ces prises de conscience et de hauteur m\u2019ont permises de d\u00e9finir mes priorit\u00e9s et donner un sens \u00e0 ma vie par <strong>le partage et l\u2019\u00e9coute.<\/strong><\/p>\n\n\n\n<p class=\"has-text-align-justify\">Mon chemin de vie a donn\u00e9 naissance \u00e0 <strong>l\u2019Arbre de Conscience<\/strong> port\u00e9 par ce lien avec le v\u00e9g\u00e9tal sous toutes ses formes dont je tire une forte inspiration, un retour aux sources et un ancrage. L\u2019Arbre de Conscience symbolise cette reconnexion \u00e0 la nature, \u00e0 red\u00e9couvrir notre conscience et mettre en perspective nos paroles, nos pens\u00e9es, nos actes face au monde que nous souhaitons cr\u00e9er.<br>Cet arbre agit comme un point de rep\u00e8re pour mieux s\u2019orienter. L\u2019analogie est toute faite lorsque nous sommes perdus en for\u00eat et le rep\u00e8re visuel qu\u2019il cr\u00e9e (si nous y avons \u00e9t\u00e9 attentif).<\/p>\n","protected":false},"excerpt":{"rendered":"<p>L\u2019accompagnant que je suis et les piliers de ma vie Je suis anim\u00e9 au quotidien par l\u2019\u00e9coute des situations et du vivant. L\u2019\u00e9coute a toujours \u00e9t\u00e9 pour moi une pr\u00e9disposition, pour panser, apaiser \u00e0 travers des mots, des attentions, des intentions ou le silence (le vide). Autant que faire se peut, je ressors le positif&hellip; <a class=\"more-link\" href=\"https:\/\/accompagnantdevie.com\/index.php\/laccompagnant\/\">Poursuivre la lecture <span class=\"screen-reader-text\">L&rsquo;accompagnant<\/span><\/a><\/p>\n","protected":false},"author":1,"featured_media":0,"parent":0,"menu_order":0,"comment_status":"closed","ping_status":"closed","template":"","meta":{"_editorskit_title_hidden":false,"_editorskit_reading_time":2,"_editorskit_is_block_options_detached":false,"_editorskit_block_options_position":"{}","footnotes":""},"class_list":["post-96","page","type-page","status-publish","hentry","entry"],"_links":{"self":[{"href":"https:\/\/accompagnantdevie.com\/index.php\/wp-json\/wp\/v2\/pages\/96","targetHints":{"allow":["GET"]}}],"collection":[{"href":"https:\/\/accompagnantdevie.com\/index.php\/wp-json\/wp\/v2\/pages"}],"about":[{"href":"https:\/\/accompagnantdevie.com\/index.php\/wp-json\/wp\/v2\/types\/page"}],"author":[{"embeddable":true,"href":"https:\/\/accompagnantdevie.com\/index.php\/wp-json\/wp\/v2\/users\/1"}],"replies":[{"embeddable":true,"href":"https:\/\/accompagnantdevie.com\/index.php\/wp-json\/wp\/v2\/comments?post=96"}],"version-history":[{"count":16,"href":"https:\/\/accompagnantdevie.com\/index.php\/wp-json\/wp\/v2\/pages\/96\/revisions"}],"predecessor-version":[{"id":157,"href":"https:\/\/accompagnantdevie.com\/index.php\/wp-json\/wp\/v2\/pages\/96\/revisions\/157"}],"wp:attachment":[{"href":"https:\/\/accompagnantdevie.com\/index.php\/wp-json\/wp\/v2\/media?parent=96"}],"curies":[{"name":"wp","href":"https:\/\/api.w.org\/{rel}","templated":true}]}}