{"id":79,"date":"2022-06-14T14:17:20","date_gmt":"2022-06-14T12:17:20","guid":{"rendered":"https:\/\/accompagnantdevie.com\/?page_id=79"},"modified":"2022-10-13T10:26:15","modified_gmt":"2022-10-13T08:26:15","slug":"a-propos","status":"publish","type":"page","link":"https:\/\/accompagnantdevie.com\/index.php\/a-propos\/","title":{"rendered":"L&rsquo;accompagnement"},"content":{"rendered":"\n<p class=\"has-text-align-center\"><strong>L\u2019accompagnement comme je le vis et tel je le propose<\/strong><\/p>\n\n\n\n<figure class=\"wp-block-image size-full\"><img loading=\"lazy\" decoding=\"async\" width=\"640\" height=\"409\" src=\"https:\/\/accompagnantdevie.com\/wp-content\/uploads\/2022\/06\/aa.jpg\" alt=\"\" class=\"wp-image-92\" srcset=\"https:\/\/accompagnantdevie.com\/wp-content\/uploads\/2022\/06\/aa.jpg 640w, https:\/\/accompagnantdevie.com\/wp-content\/uploads\/2022\/06\/aa-300x192.jpg 300w\" sizes=\"auto, (max-width: 640px) 100vw, 640px\" \/><\/figure>\n\n\n\n<p class=\"has-text-align-justify\"><strong>L\u2019accompagnement <\/strong>est pour moi tr\u00e8s naturel et se d\u00e9cline aussi bien au sein d\u2019un groupe que pour une d\u00e9marche individuelle. Les bienfaits ont plusieurs facettes, \u00e0 ce titre il est assez \u00e9vident qu\u2019un individu qui \u00e9volue porte en lui et \u00e0 l\u2019ext\u00e9rieur de lui un enrichissement, une pl\u00e9nitude, des enseignements et une fa\u00e7on d\u2019aborder son environnement qui enrichira, de mani\u00e8re consciente ou inconsciente, les personnes qui le c\u00f4toient. Le collectif est bien l\u2019essence m\u00eame de notre existence sans hi\u00e9rarchie possible avec l\u2019individu puisque nous formons un tout qui s\u2019\u00e9quilibre. Ce terme d\u2019accompagnement me parait plus ad\u00e9quat et plus proche des racines auxquelles nous pouvons nous reconnecter. La notion tr\u00e8s r\u00e9pandue de coaching, m\u00eame si ce ne sont que des mots et qu\u2019ils ne d\u00e9crivent pas \u00e0 eux seuls toute la complexit\u00e9 d\u2019une r\u00e9alit\u00e9, peut induire une qu\u00eate de la performance et une forme de comp\u00e9tition. <strong>Ce sens des mots<\/strong> est crucial c\u2019est pour cela que \u00ab&nbsp;la parole juste&nbsp;\u00bb sera au centre des \u00e9changes que nous aurons afin d\u2019unifier et de porter \u00e0 l\u2019ext\u00e9rieur un usage raisonn\u00e9 de la parole.<\/p>\n\n\n\n<p class=\"has-text-align-justify\">L\u2019accompagnement que je pr\u00f4ne vous fera sortir des \u00ab&nbsp;sentiers battus&nbsp;\u00bb \u00e0 votre rythme et vous aurez \u00e0 tout moment la facult\u00e9 d\u2019avancer en autonomie ou accompagn\u00e9 sur votre propre chemin.<\/p>\n\n\n\n<p class=\"has-text-align-justify\">Avant tout chose, je souhaite apporter une pr\u00e9cision qui est trop souvent bafou\u00e9e ou d\u00e9form\u00e9e sur votre r\u00e9alit\u00e9 cr\u00e9atrice et lumineuse&nbsp;: <strong>en synth\u00e8se vous \u00eates votre propre Guide<\/strong>. Dans l\u2019absolu, chaque \u00eatre vivant a en lui tout ce qui lui faut pour s\u2019\u00e9panouir toutefois des traumatismes, des situations stressantes, des peurs, des charges \u00e9motionnelles nous font sortir du champ de notre propre conscience. Cette m\u00e9canique va cr\u00e9er notamment des blocages, un positionnement d\u00e9centr\u00e9 ou des exp\u00e9rimentations \u00e9loign\u00e9es de qui nous sommes.<\/p>\n\n\n\n<p class=\"has-text-align-justify\">Ces deux notions, que sont l\u2019individu dans le collectif et l\u2019individu en tant qu\u2019unit\u00e9, nous apprennent que nous avons les ressources en chacun de nous et que nous tenons en nous le monde entier. Ainsi cette version unifi\u00e9e du vivant qui forme un tout coh\u00e9rent est au c\u0153ur de <strong>L\u2019Arbre de Conscience <\/strong>&nbsp;qui n\u2019aura de cesse d\u2019unifier, d\u2019aimer et de d\u2019unir.<\/p>\n\n\n\n<p class=\"has-text-align-justify\"><strong>Mon r\u00f4le<\/strong> est d\u2019\u00eatre \u00e0 vos cot\u00e9s <strong>en ma qualit\u00e9 d\u2019accompagnant de vie<\/strong> et de vous accompagner dans la plus pure ind\u00e9pendance qu\u2019il soit. C\u2019est ainsi qu\u2019il me semble juste d\u2019avancer \u00e0 vos cot\u00e9s. Cette notion d\u2019ind\u00e9pendance est cruciale car l\u2019objectif est de vous permettre de vous d\u00e9tacher de vos liens, de vos cha\u00eenes et en aucun cas de vous rendre d\u00e9pendant \u00e0 une th\u00e9rapie ou \u00e0 un th\u00e9rapeute.<\/p>\n\n\n\n<p class=\"has-text-align-justify\">J\u2019en profite pour pr\u00e9ciser et d\u00e9mystifier un aspect important c\u2019est que notre chemin est infini ainsi on ne peut pas dire qu\u2019il y ait de ligne d\u2019arriv\u00e9e, ce qui en fait un voyage unique pour chacun d\u2019entre nous. A mon sens, cela constitue le cot\u00e9 sacr\u00e9 de la vie.<\/p>\n\n\n\n<p class=\"has-text-align-justify\">A titre personnel,&nbsp; j\u2019ai eu et j\u2019ai toujours besoin, comme tout \u00e0 chacun, de me reposer sur quelqu\u2019un pour \u00e9lever ma conscience et apprendre \u00e0 son contact.<\/p>\n\n\n\n<p class=\"has-text-align-justify\">Je vous inviterai ainsi \u00e0 mobiliser<strong> votre libre arbitre <\/strong>et laisser tout l\u2019espace n\u00e9cessaire \u00e0 votre singularit\u00e9. Je vous demanderai surtout de ne pas me croire sur parole mais bien de ressentir et d\u2019essayer par vous-m\u00eame. Dans le m\u00eame temps, une relation de confiance naturelle est n\u00e9cessaire entre nous pour que nos potentiels puissent s\u2019exprimer.<\/p>\n\n\n\n<p class=\"has-text-align-justify\">Je vous propose ainsi d\u2019\u00eatre actrice et acteur de votre vie et de votre \u00e9volution comme nous le sommes toutes et tous depuis notre naissance. <strong>Vous allez reprendre votre pouvoir cr\u00e9ateur entre vos mains. <\/strong>Votre d\u00e9marche impliquera une profonde sinc\u00e9rit\u00e9 vis-\u00e0-vis de vous-m\u00eame avec la dose suffisante de<strong> l\u00e2cher prise. <\/strong>Naturellement,certains aspects seront assimil\u00e9s rapidement quand parfois d\u2019autres aspects n\u00e9cessiteront une maturit\u00e9 plus longue. Mon exp\u00e9rience me montre que la vitesse d\u2019assimilation ou de transformation tient \u00e0 cette notion de maturit\u00e9 sans jamais pouvoir \u00eatre ma\u00eetris\u00e9 ou planifi\u00e9 puisqu\u2019il s\u2019agit du Vivant et que par sa nature infinie, il ne peut \u00eatre ma\u00eetris\u00e9 ou cartographi\u00e9. Certaines choses auront besoin d\u2019\u00eatre comprises et assimil\u00e9s consciemment et d\u2019autres se solutionneront d\u2019elles-m\u00eames sans appel au mental par l\u2019inconscient (ou l\u2019appel du subtil).<\/p>\n\n\n\n<p class=\"has-text-align-justify\">L\u2019espace privil\u00e9gi\u00e9 que je vous propose est propice \u00e0 votre expansion naturelle&nbsp;sans jamais rien forcer en accueillant ce qui se pr\u00e9sente \u00e0 vous. <strong>L\u2019Arbre de Conscience <\/strong>est l\u00e0 pour vous aider \u00e0 trouver votre ancrage, votre \u00e9quilibre dans un environnement paisible, silencieux, transparent, lumineux et bienveillant. Au-del\u00e0 des mots par lesquels je souhaite vous accueillir, le silence sera une des cl\u00e9s selon les situations \u00e0 transmuter, \u00e0 d\u00e9passer et \u00e0 \u00e9clairer. Ce silence et ce vide organisent notre monde m\u00eame si nous sommes tent\u00e9s de nous attarder sur le monde physique, visible et tangible. Une fois de plus, les deux aspects sont intimement li\u00e9s et existent l\u2019un gr\u00e2ce \u00e0 l\u2019autre. A titre d\u2019exemple dans une conversation vous remarquerez la part de silence, de \u00ab&nbsp;blanc&nbsp;\u00bb entre les mots et toute leur importance. C\u2019est ce que nous recherchons notamment \u00e0 travers les m\u00e9ditations, les retraites spirituelles dans un monde que nous pouvons percevoir comme trop souvent fr\u00e9n\u00e9tique. Nous aurons l\u2019occasion de revenir sur cette notion de silence et de vacuit\u00e9 lors d\u2019un prochain article.<\/p>\n\n\n\n<p class=\"has-text-align-justify\"><strong>Enfin de mani\u00e8re pratique, je serai \u00e0 m\u00eame de mettre<\/strong> \u00e0 votre disposition des outils, des d\u00e9marches, des pratiques qui vous aideront rapidement \u00e0 installer une d\u00e9tente physique et psychique, \u00e0 ressentir un mieux-\u00eatre, servant \u00e0 vous lib\u00e9rer, \u00e0 prendre conscience de choses enfouies en vous.<\/p>\n\n\n\n<p class=\"has-text-align-justify\">Mon engagement par le biais de cet accompagnement aupr\u00e8s de chacune et chacun, s\u2019exprime \u00e0 travers mon authenticit\u00e9, ma simplicit\u00e9, mon exp\u00e9rimentation et l\u2019amour de mon prochain. Je r\u00e9ponds \u00e0 un appel du c\u0153ur pour cr\u00e9er cette communaut\u00e9 que nous pouvons cr\u00e9er ensemble par ces cercles de conscience. Le moment est venu de nous reconnecter \u00e0 notre nature divine, \u00e0 notre pouvoir cr\u00e9ateur, \u00e0 notre unit\u00e9 et au collectif pour porter en nous et autour de nous des valeurs fondamentales et justes. Cet arbre de conscience est l\u00e0 pour vous enraciner et permettre \u00e0 chacun de planter une graine dans une terre que nous allons labourer et travailler subtilement.<\/p>\n","protected":false},"excerpt":{"rendered":"<p>L\u2019accompagnement comme je le vis et tel je le propose L\u2019accompagnement est pour moi tr\u00e8s naturel et se d\u00e9cline aussi bien au sein d\u2019un groupe que pour une d\u00e9marche individuelle. Les bienfaits ont plusieurs facettes, \u00e0 ce titre il est assez \u00e9vident qu\u2019un individu qui \u00e9volue porte en lui et \u00e0 l\u2019ext\u00e9rieur de lui un&hellip; <a class=\"more-link\" href=\"https:\/\/accompagnantdevie.com\/index.php\/a-propos\/\">Poursuivre la lecture <span class=\"screen-reader-text\">L&rsquo;accompagnement<\/span><\/a><\/p>\n","protected":false},"author":1,"featured_media":0,"parent":0,"menu_order":0,"comment_status":"closed","ping_status":"closed","template":"","meta":{"_editorskit_title_hidden":false,"_editorskit_reading_time":4,"_editorskit_is_block_options_detached":false,"_editorskit_block_options_position":"{}","footnotes":""},"class_list":["post-79","page","type-page","status-publish","hentry","entry"],"_links":{"self":[{"href":"https:\/\/accompagnantdevie.com\/index.php\/wp-json\/wp\/v2\/pages\/79","targetHints":{"allow":["GET"]}}],"collection":[{"href":"https:\/\/accompagnantdevie.com\/index.php\/wp-json\/wp\/v2\/pages"}],"about":[{"href":"https:\/\/accompagnantdevie.com\/index.php\/wp-json\/wp\/v2\/types\/page"}],"author":[{"embeddable":true,"href":"https:\/\/accompagnantdevie.com\/index.php\/wp-json\/wp\/v2\/users\/1"}],"replies":[{"embeddable":true,"href":"https:\/\/accompagnantdevie.com\/index.php\/wp-json\/wp\/v2\/comments?post=79"}],"version-history":[{"count":5,"href":"https:\/\/accompagnantdevie.com\/index.php\/wp-json\/wp\/v2\/pages\/79\/revisions"}],"predecessor-version":[{"id":158,"href":"https:\/\/accompagnantdevie.com\/index.php\/wp-json\/wp\/v2\/pages\/79\/revisions\/158"}],"wp:attachment":[{"href":"https:\/\/accompagnantdevie.com\/index.php\/wp-json\/wp\/v2\/media?parent=79"}],"curies":[{"name":"wp","href":"https:\/\/api.w.org\/{rel}","templated":true}]}}