{"id":149,"date":"2022-10-03T10:31:35","date_gmt":"2022-10-03T08:31:35","guid":{"rendered":"https:\/\/accompagnantdevie.com\/?page_id=149"},"modified":"2022-10-13T12:48:28","modified_gmt":"2022-10-13T10:48:28","slug":"les-tarifs","status":"publish","type":"page","link":"https:\/\/accompagnantdevie.com\/index.php\/les-tarifs\/","title":{"rendered":"Les prestations"},"content":{"rendered":"\n<p>Nous vous proposons :<\/p>\n\n\n\n<p class=\"has-text-align-justify\"><br>&#8211;&nbsp;<strong>Un&nbsp;accompagnement individuel et concoct\u00e9&nbsp;sur-mesure&nbsp;avec diff\u00e9rents outils<\/strong>. L\u2019id\u00e9e est de vous accompagner&nbsp;dans un cadre flexible&nbsp;pour que vous puissiez faire face \u00e0 vos maux, vos difficult\u00e9s et vos douleurs (physique, mental, \u00e9nerg\u00e9tique) et pour mieux vous r\u00e9v\u00e9ler et r\u00e9aliser votre expansion naturelle.&nbsp;<\/p>\n\n\n\n<p class=\"has-text-align-justify\">Deux formules sont \u00e0 votre disposition:<\/p>\n\n\n\n<p class=\"has-text-align-justify\">\u00a0\u2022 \u00ab\u00a0Moment Unique\u00a0\u00bb\u00a0 qui rel\u00e8ve du curatif : 45\u20ac la s\u00e9ance,<\/p>\n\n\n\n<p class=\"has-text-align-justify\">\u00a0\u2022 \u00ab\u00a0Cycle de d\u00e9veloppement\u00a0\u00bb qui permet de vous accompagner de fa\u00e7on personnalis\u00e9e : 40\u20ac la s\u00e9ance (cycle de 5 s\u00e9ances).<\/p>\n\n\n\n<p><\/p>\n\n\n\n<p class=\"has-text-align-justify\">&#8211; Des\u00a0<strong>\u201ccercles de conscience\u201d<\/strong>, qui regroupent des pratiques visant \u00e0 prendre soin de vous \/ des autres, \u00e0 prendre de la hauteur, \u00e0 d\u00e9velopper sa conscience. Pour se faire, nous mettons \u00e0 votre disposition :<br>\u00a0\u2022 Des cours collectifs de Qi Gong.<br>\u00a0\u2022 Des cours collectifs de Sophrologie.<br>\u00a0\u2022 Des cercles de paroles.<br>\u00a0\u2022 Des sorties nocturnes au contact de la nature, des animaux et des astres.<br>Tarif unique de 15\u20ac\/s\u00e9ance.<\/p>\n","protected":false},"excerpt":{"rendered":"<p>Nous vous proposons : &#8211;&nbsp;Un&nbsp;accompagnement individuel et concoct\u00e9&nbsp;sur-mesure&nbsp;avec diff\u00e9rents outils. L\u2019id\u00e9e est de vous accompagner&nbsp;dans un cadre flexible&nbsp;pour que vous puissiez faire face \u00e0 vos maux, vos difficult\u00e9s et vos douleurs (physique, mental, \u00e9nerg\u00e9tique) et pour mieux vous r\u00e9v\u00e9ler et r\u00e9aliser votre expansion naturelle.&nbsp; Deux formules sont \u00e0 votre disposition: \u00a0\u2022 \u00ab\u00a0Moment Unique\u00a0\u00bb\u00a0 qui rel\u00e8ve&hellip; <a class=\"more-link\" href=\"https:\/\/accompagnantdevie.com\/index.php\/les-tarifs\/\">Poursuivre la lecture <span class=\"screen-reader-text\">Les prestations<\/span><\/a><\/p>\n","protected":false},"author":1,"featured_media":0,"parent":0,"menu_order":0,"comment_status":"closed","ping_status":"closed","template":"","meta":{"_editorskit_title_hidden":false,"_editorskit_reading_time":1,"_editorskit_is_block_options_detached":false,"_editorskit_block_options_position":"{}","footnotes":""},"class_list":["post-149","page","type-page","status-publish","hentry","entry"],"_links":{"self":[{"href":"https:\/\/accompagnantdevie.com\/index.php\/wp-json\/wp\/v2\/pages\/149","targetHints":{"allow":["GET"]}}],"collection":[{"href":"https:\/\/accompagnantdevie.com\/index.php\/wp-json\/wp\/v2\/pages"}],"about":[{"href":"https:\/\/accompagnantdevie.com\/index.php\/wp-json\/wp\/v2\/types\/page"}],"author":[{"embeddable":true,"href":"https:\/\/accompagnantdevie.com\/index.php\/wp-json\/wp\/v2\/users\/1"}],"replies":[{"embeddable":true,"href":"https:\/\/accompagnantdevie.com\/index.php\/wp-json\/wp\/v2\/comments?post=149"}],"version-history":[{"count":10,"href":"https:\/\/accompagnantdevie.com\/index.php\/wp-json\/wp\/v2\/pages\/149\/revisions"}],"predecessor-version":[{"id":182,"href":"https:\/\/accompagnantdevie.com\/index.php\/wp-json\/wp\/v2\/pages\/149\/revisions\/182"}],"wp:attachment":[{"href":"https:\/\/accompagnantdevie.com\/index.php\/wp-json\/wp\/v2\/media?parent=149"}],"curies":[{"name":"wp","href":"https:\/\/api.w.org\/{rel}","templated":true}]}}